{"id":366,"date":"2016-11-30T23:57:54","date_gmt":"2016-11-30T22:57:54","guid":{"rendered":"http:\/\/esvweil.de\/wp\/?page_id=366"},"modified":"2026-04-14T23:18:56","modified_gmt":"2026-04-14T21:18:56","slug":"verein","status":"publish","type":"page","link":"https:\/\/esvweil.de\/wp\/verein\/","title":{"rendered":"Unser Verein"},"content":{"rendered":"\n<h3 class=\"wp-block-heading\">ESV Weil <\/h3>\n\n\n\n<div class=\"wp-block-columns is-layout-flex wp-container-core-columns-is-layout-9d6595d7 wp-block-columns-is-layout-flex\">\n<div class=\"wp-block-column is-layout-flow wp-block-column-is-layout-flow\" style=\"flex-basis:33.33%\">\n<figure class=\"wp-block-image size-large\"><img loading=\"lazy\" decoding=\"async\" width=\"915\" height=\"733\" src=\"https:\/\/esvweil.de\/wp\/wp-content\/uploads\/2020\/04\/oie_transparent.png\" alt=\"\" class=\"wp-image-927\" srcset=\"https:\/\/esvweil.de\/wp\/wp-content\/uploads\/2020\/04\/oie_transparent.png 915w, https:\/\/esvweil.de\/wp\/wp-content\/uploads\/2020\/04\/oie_transparent-300x240.png 300w, https:\/\/esvweil.de\/wp\/wp-content\/uploads\/2020\/04\/oie_transparent-768x615.png 768w, https:\/\/esvweil.de\/wp\/wp-content\/uploads\/2020\/04\/oie_transparent-676x542.png 676w\" sizes=\"auto, (max-width: 915px) 100vw, 915px\" \/><\/figure>\n<\/div>\n\n\n\n<div class=\"wp-block-column is-vertically-aligned-center is-layout-flow wp-block-column-is-layout-flow\" style=\"flex-basis:66.66%\">\n<p class=\"has-regular-font-size\">Der Eisenbahner Turn- und Sportverein Weil am Rhein 1926 e.V &#8211; kurz ESV   Weil &#8211; ist knapp hinter dem TV Weil der zweitgr\u00f6\u00dfte Sportverein der   Stadt Weil am Rhein.  <\/p>\n<\/div>\n<\/div>\n\n\n\n<p>Der ESV Weil am Rhein, besteht aus <a href=\"https:\/\/esvweil.de\/wp\/unsere-abteilungen\/\">7 verschiedene Abteilungen<\/a> und erm\u00f6glichen ein breite Auswahl an verschiedenen Sportarten, ob Breiten- und Leistungssportarten. Dort k\u00f6nnt Ihr mit Gleichgesinnten die Leidenschaft f\u00fcr Euren Sport teilen. Klickt oben einfach auf die Unsere Abteilungen, die euch am meisten zusagt und Ihr werdet direkt auf die Homepage der Abteilung weitergeleitet.<\/p>\n\n\n\n<ul class=\"wp-block-list\">\n<li>Den gesamten Vorstand finden Sie unter <a title=\"Kontakte\" href=\"https:\/\/esvweil.de\/wp\/kontakt\/\">Kontakt<\/a><\/li>\n\n\n\n<li>N\u00e4heres zur Gesch\u00e4ftsstelle und deren \u00d6ffnungszeiten findet Ihr <a href=\"https:\/\/esvweil.de\/wp\/geschaeftsstelle\/\">hier<\/a>.<\/li>\n\n\n\n<li>Ihr findet uns an verschiedenen Standorten in Weil am Rhein.\n<ul class=\"wp-block-list\">\n<li>Seht euch f\u00fcr n\u00e4here Informationen am Besten auf den Homepages der <a href=\"https:\/\/esvweil.de\/wp\/unsere-abteilungen\/\">sieben Abteilungen<\/a> um.<\/li>\n<\/ul>\n<\/li>\n<\/ul>\n\n\n\n<p><\/p>\n","protected":false},"excerpt":{"rendered":"<p>ESV Weil Der Eisenbahner Turn- und Sportverein Weil am Rhein 1926 e.V &#8211; kurz ESV Weil &#8211; ist knapp hinter dem TV Weil der zweitgr\u00f6\u00dfte Sportverein der Stadt Weil am [&hellip;]<\/p>\n","protected":false},"author":2,"featured_media":0,"parent":0,"menu_order":0,"comment_status":"closed","ping_status":"closed","template":"","meta":{"footnotes":""},"class_list":["post-366","page","type-page","status-publish","hentry","post-preview"],"_links":{"self":[{"href":"https:\/\/esvweil.de\/wp\/wp-json\/wp\/v2\/pages\/366","targetHints":{"allow":["GET"]}}],"collection":[{"href":"https:\/\/esvweil.de\/wp\/wp-json\/wp\/v2\/pages"}],"about":[{"href":"https:\/\/esvweil.de\/wp\/wp-json\/wp\/v2\/types\/page"}],"author":[{"embeddable":true,"href":"https:\/\/esvweil.de\/wp\/wp-json\/wp\/v2\/users\/2"}],"replies":[{"embeddable":true,"href":"https:\/\/esvweil.de\/wp\/wp-json\/wp\/v2\/comments?post=366"}],"version-history":[{"count":10,"href":"https:\/\/esvweil.de\/wp\/wp-json\/wp\/v2\/pages\/366\/revisions"}],"predecessor-version":[{"id":2511,"href":"https:\/\/esvweil.de\/wp\/wp-json\/wp\/v2\/pages\/366\/revisions\/2511"}],"wp:attachment":[{"href":"https:\/\/esvweil.de\/wp\/wp-json\/wp\/v2\/media?parent=366"}],"curies":[{"name":"wp","href":"https:\/\/api.w.org\/{rel}","templated":true}]}}