{"id":1943,"date":"2023-09-22T18:20:22","date_gmt":"2023-09-22T16:20:22","guid":{"rendered":"https:\/\/esvweil.de\/wp\/?page_id=1943"},"modified":"2025-08-18T11:39:54","modified_gmt":"2025-08-18T09:39:54","slug":"fsj","status":"publish","type":"page","link":"https:\/\/esvweil.de\/wp\/fsj\/","title":{"rendered":"FSJ"},"content":{"rendered":"<p>Freiwilliges soziales Jahr<\/p>\n<p>Der ESV Weil am Rhein 1926 e.V. bietet f\u00fcr das Schuljahr 2026\/27 zwei FSJ-Stellen an. Die beiden Stellen im Format \u201eSport und Schule\u201c sind zu etwa 70% im Schulsport angesiedelt; die Kooperationsschulen sind hierbei die Rheinschule in Weil-Friedlingen und die Haltinger Hans-Thoma-Schule.<br \/>\nDie restlichen 30 % des Deputates werden in der Nachwuchsarbeit im Verein geleistet.<br \/>\nDie Dienstzeiten sind auf ein Jahr terminiert und beginnen am 15 August und enden im darauffolgenden Jahr am 14 August. Es werden 30 Tage Urlaub gew\u00e4hrt. Anmeldeschluss ist der 1. Mai 2026.<\/p>\n<p>Die Konditionen richten sich nach den Vorgaben des Landessportverbandes Baden-W\u00fcrttemberg, der als Tr\u00e4ger auch die enthaltene \u00dcbungsleiter-Ausbildung zum C- Trainer koordiniert.<br \/>\nUnser Angebot richtet sich vor allem an Schulabg\u00e4nger, die sich noch nicht endg\u00fcltig beruflich orientiert haben.<\/p>\n<p>Wer Interesse an einem solchen Jahr hat, in dem er neben Sport, sehr viel in die Entwicklung seiner eigenen Sozialkompetenz investiert, schickt seine Bewerbung einfach mit einem eMail an <a href=\"mailto:kontakt@esvweil.de\">kontakt@esvweil.de<\/a>.<\/p>\n","protected":false},"excerpt":{"rendered":"<p>Freiwilliges soziales Jahr Der ESV Weil am Rhein 1926 e.V. bietet f\u00fcr das Schuljahr 2026\/27 zwei FSJ-Stellen an. Die beiden Stellen im Format \u201eSport und Schule\u201c sind zu etwa 70% [&hellip;]<\/p>\n","protected":false},"author":4,"featured_media":0,"parent":0,"menu_order":0,"comment_status":"closed","ping_status":"closed","template":"","meta":{"footnotes":""},"class_list":["post-1943","page","type-page","status-publish","hentry","post-preview"],"_links":{"self":[{"href":"https:\/\/esvweil.de\/wp\/wp-json\/wp\/v2\/pages\/1943","targetHints":{"allow":["GET"]}}],"collection":[{"href":"https:\/\/esvweil.de\/wp\/wp-json\/wp\/v2\/pages"}],"about":[{"href":"https:\/\/esvweil.de\/wp\/wp-json\/wp\/v2\/types\/page"}],"author":[{"embeddable":true,"href":"https:\/\/esvweil.de\/wp\/wp-json\/wp\/v2\/users\/4"}],"replies":[{"embeddable":true,"href":"https:\/\/esvweil.de\/wp\/wp-json\/wp\/v2\/comments?post=1943"}],"version-history":[{"count":9,"href":"https:\/\/esvweil.de\/wp\/wp-json\/wp\/v2\/pages\/1943\/revisions"}],"predecessor-version":[{"id":2152,"href":"https:\/\/esvweil.de\/wp\/wp-json\/wp\/v2\/pages\/1943\/revisions\/2152"}],"wp:attachment":[{"href":"https:\/\/esvweil.de\/wp\/wp-json\/wp\/v2\/media?parent=1943"}],"curies":[{"name":"wp","href":"https:\/\/api.w.org\/{rel}","templated":true}]}}